{"id":3,"date":"2024-03-11T11:04:38","date_gmt":"2024-03-11T11:04:38","guid":{"rendered":"http:\/\/brave-dialog.de\/?page_id=3"},"modified":"2024-06-30T18:54:30","modified_gmt":"2024-06-30T16:54:30","slug":"datenschutz","status":"publish","type":"page","link":"https:\/\/brave-dialog.de\/en\/datenschutz\/","title":{"rendered":"Privacy policy"},"content":{"rendered":"<p>[et_pb_section fb_built=&#8220;1&#8243; _builder_version=&#8220;4.24.3&#8243; _module_preset=&#8220;default&#8220; global_colors_info=&#8220;{}&#8220;][et_pb_row _builder_version=&#8220;4.24.3&#8243; _module_preset=&#8220;default&#8220; global_colors_info=&#8220;{}&#8220;][et_pb_column type=&#8220;4_4&#8243; _builder_version=&#8220;4.24.3&#8243; _module_preset=&#8220;default&#8220; global_colors_info=&#8220;{}&#8220;][et_pb_text _builder_version=&#8220;4.25.2&#8243; _module_preset=&#8220;default&#8220; link_font=&#8220;Cuprum Regular|||||||#F4801E|dotted&#8220; hover_enabled=&#8220;0&#8243; global_colors_info=&#8220;{}&#8220; sticky_enabled=&#8220;0&#8243;]<\/p>\n<h2>Datenschutz<\/h2>\n<p>&nbsp;<\/p>\n<h3>Betreiberin dieser Website<\/h3>\n<p>Christiane Windhausen<br \/>Erasmusstrasse 15<br \/>D-40223 D\u00fcsseldorf<br \/>Telefon: +49-173-5102425<br \/>E-Mail: hello@brave-dialog.de<\/p>\n<p>&nbsp;<\/p>\n<h3>Protokollierung zu Sicherheitszwecken<\/h3>\n<p>Zum Zweck der \u00dcbermittlung der von Ihnen aufgerufenen Webseite werden von Ihrem Browser typischerweise unter anderem folgende Informationen (im Rahmen von sogenannten HTTP-Requests) \u00fcbersandt:<\/p>\n<ul>\n<li>Ihre IP-Adresse, eine Ziffernfolge, die Ihren derzeitigen Computeranschluss im Internet identifiziert.<\/li>\n<li>Die von Ihnen aufgerufene URL (die Webseite und ggf. weitere Parameter).<\/li>\n<li>Informationen, wie Name und Version des von Ihnen verwendeten Browser und Betriebssystems.<\/li>\n<li>Sowie \u2013 unter Umst\u00e4nden \u2013 die Seite, von der aus Sie hierher gelangt sind.<\/li>\n<\/ul>\n<p>Diese Angaben k\u00f6nnen zudem f\u00fcr weitere 7 Tage in Protokolldateien gespeichert werden, um m\u00f6gliche St\u00f6rungen der Seite analysieren zu k\u00f6nnen. Sofern solche St\u00f6rungen auftauchen, kann die Speicherung im Einzelfall auch l\u00e4nger andauern. Sie werden sp\u00e4testens dann gel\u00f6scht, wenn sie zur Ermittlung der Ursachen der St\u00f6rung nicht mehr erkennbar beitragen k\u00f6nnen.<\/p>\n<p>Auf dieser Seite werden weder Cookies noch Analytic-Tools verwendet.<\/p>\n<p>Aus Sicherheitsgr\u00fcnden n\u00fctzt diese Seite eine SSL- bzw. TLS- Verschl\u00fcsselung. Eine verschl\u00fcsselte Verbindung erkennen Sie daran, dass die Adresszeile des Browsers von \u201ehttp:\/\/\u201c auf \u201ehttps:\/\/\u201c wechselt und an dem Schloss-Symbol in Ihrer Browserzeile.<\/p>\n<p>[\/et_pb_text][\/et_pb_column][\/et_pb_row][\/et_pb_section]<\/p>\n","protected":false},"excerpt":{"rendered":"<p>Datenschutz &nbsp; Betreiberin dieser Website Christiane WindhausenErasmusstrasse 15D-40223 D\u00fcsseldorfTelefon: +49-173-5102425E-Mail: hello@brave-dialog.de &nbsp; Protokollierung zu Sicherheitszwecken Zum Zweck der \u00dcbermittlung der von Ihnen aufgerufenen Webseite werden von Ihrem Browser typischerweise unter anderem folgende Informationen (im Rahmen von sogenannten HTTP-Requests) \u00fcbersandt: Ihre IP-Adresse, eine Ziffernfolge, die Ihren derzeitigen Computeranschluss im Internet identifiziert. Die von Ihnen aufgerufene URL (die Webseite und ggf. weitere Parameter). Informationen, wie Name und Version des von Ihnen verwendeten Browser und Betriebssystems. Sowie \u2013 unter Umst\u00e4nden \u2013 die Seite, von der aus Sie hierher gelangt sind. Diese Angaben k\u00f6nnen zudem f\u00fcr weitere 7 Tage in Protokolldateien gespeichert werden, um m\u00f6gliche St\u00f6rungen der Seite analysieren zu k\u00f6nnen. Sofern solche St\u00f6rungen auftauchen, kann die Speicherung im Einzelfall auch l\u00e4nger andauern. Sie werden sp\u00e4testens dann gel\u00f6scht, wenn sie zur Ermittlung der Ursachen der St\u00f6rung nicht mehr erkennbar beitragen k\u00f6nnen. Auf dieser Seite werden weder Cookies noch Analytic-Tools verwendet. Aus Sicherheitsgr\u00fcnden n\u00fctzt diese Seite eine SSL- bzw. TLS- Verschl\u00fcsselung. Eine verschl\u00fcsselte Verbindung erkennen Sie daran, dass die Adresszeile des Browsers von \u201ehttp:\/\/\u201c auf \u201ehttps:\/\/\u201c wechselt und an dem Schloss-Symbol in Ihrer Browserzeile.<\/p>","protected":false},"author":1,"featured_media":0,"parent":0,"menu_order":0,"comment_status":"closed","ping_status":"closed","template":"","meta":{"_et_pb_use_builder":"on","_et_pb_old_content":"<!-- wp:heading -->\r\n<h2>Who we are<\/h2>\r\n<!-- \/wp:heading --><!-- wp:paragraph -->\r\n<p><strong class=\"privacy-policy-tutorial\">Suggested text: <\/strong>Our website address is: http:\/\/brave-dialog.de.<\/p>\r\n<!-- \/wp:paragraph --><!-- wp:heading -->\r\n<h2>Comments<\/h2>\r\n<!-- \/wp:heading --><!-- wp:paragraph -->\r\n<p><strong class=\"privacy-policy-tutorial\">Suggested text: <\/strong>When visitors leave comments on the site we collect the data shown in the comments form, and also the visitor\u2019s IP address and browser user agent string to help spam detection.<\/p>\r\n<!-- \/wp:paragraph --><!-- wp:paragraph -->\r\n<p>An anonymized string created from your email address (also called a hash) may be provided to the Gravatar service to see if you are using it. The Gravatar service privacy policy is available here: https:\/\/automattic.com\/privacy\/. After approval of your comment, your profile picture is visible to the public in the context of your comment.<\/p>\r\n<!-- \/wp:paragraph --><!-- wp:heading -->\r\n<h2>Media<\/h2>\r\n<!-- \/wp:heading --><!-- wp:paragraph -->\r\n<p><strong class=\"privacy-policy-tutorial\">Suggested text: <\/strong>If you upload images to the website, you should avoid uploading images with embedded location data (EXIF GPS) included. Visitors to the website can download and extract any location data from images on the website.<\/p>\r\n<!-- \/wp:paragraph --><!-- wp:heading -->\r\n<h2>Cookies<\/h2>\r\n<!-- \/wp:heading --><!-- wp:paragraph -->\r\n<p><strong class=\"privacy-policy-tutorial\">Suggested text: <\/strong>If you leave a comment on our site you may opt-in to saving your name, email address and website in cookies. These are for your convenience so that you do not have to fill in your details again when you leave another comment. These cookies will last for one year.<\/p>\r\n<!-- \/wp:paragraph --><!-- wp:paragraph -->\r\n<p>If you visit our login page, we will set a temporary cookie to determine if your browser accepts cookies. This cookie contains no personal data and is discarded when you close your browser.<\/p>\r\n<!-- \/wp:paragraph --><!-- wp:paragraph -->\r\n<p>When you log in, we will also set up several cookies to save your login information and your screen display choices. Login cookies last for two days, and screen options cookies last for a year. If you select \"Remember Me\", your login will persist for two weeks. If you log out of your account, the login cookies will be removed.<\/p>\r\n<!-- \/wp:paragraph --><!-- wp:paragraph -->\r\n<p>If you edit or publish an article, an additional cookie will be saved in your browser. This cookie includes no personal data and simply indicates the post ID of the article you just edited. It expires after 1 day.<\/p>\r\n<!-- \/wp:paragraph --><!-- wp:heading -->\r\n<h2>Embedded content from other websites<\/h2>\r\n<!-- \/wp:heading --><!-- wp:paragraph -->\r\n<p><strong class=\"privacy-policy-tutorial\">Suggested text: <\/strong>Articles on this site may include embedded content (e.g. videos, images, articles, etc.). Embedded content from other websites behaves in the exact same way as if the visitor has visited the other website.<\/p>\r\n<!-- \/wp:paragraph --><!-- wp:paragraph -->\r\n<p>These websites may collect data about you, use cookies, embed additional third-party tracking, and monitor your interaction with that embedded content, including tracking your interaction with the embedded content if you have an account and are logged in to that website.<\/p>\r\n<!-- \/wp:paragraph --><!-- wp:heading -->\r\n<h2>Who we share your data with<\/h2>\r\n<!-- \/wp:heading --><!-- wp:paragraph -->\r\n<p><strong class=\"privacy-policy-tutorial\">Suggested text: <\/strong>If you request a password reset, your IP address will be included in the reset email.<\/p>\r\n<!-- \/wp:paragraph --><!-- wp:heading -->\r\n<h2>How long we retain your data<\/h2>\r\n<!-- \/wp:heading --><!-- wp:paragraph -->\r\n<p><strong class=\"privacy-policy-tutorial\">Suggested text: <\/strong>If you leave a comment, the comment and its metadata are retained indefinitely. This is so we can recognize and approve any follow-up comments automatically instead of holding them in a moderation queue.<\/p>\r\n<!-- \/wp:paragraph --><!-- wp:paragraph -->\r\n<p>For users that register on our website (if any), we also store the personal information they provide in their user profile. All users can see, edit, or delete their personal information at any time (except they cannot change their username). Website administrators can also see and edit that information.<\/p>\r\n<!-- \/wp:paragraph --><!-- wp:heading -->\r\n<h2>What rights you have over your data<\/h2>\r\n<!-- \/wp:heading --><!-- wp:paragraph -->\r\n<p><strong class=\"privacy-policy-tutorial\">Suggested text: <\/strong>If you have an account on this site, or have left comments, you can request to receive an exported file of the personal data we hold about you, including any data you have provided to us. You can also request that we erase any personal data we hold about you. This does not include any data we are obliged to keep for administrative, legal, or security purposes.<\/p>\r\n<!-- \/wp:paragraph --><!-- wp:heading -->\r\n<h2>Where your data is sent<\/h2>\r\n<!-- \/wp:heading --><!-- wp:paragraph -->\r\n<p><strong class=\"privacy-policy-tutorial\">Suggested text: <\/strong>Visitor comments may be checked through an automated spam detection service.<\/p>\r\n<!-- \/wp:paragraph -->","_et_gb_content_width":"","footnotes":""},"class_list":["post-3","page","type-page","status-publish","hentry"],"_links":{"self":[{"href":"https:\/\/brave-dialog.de\/en\/wp-json\/wp\/v2\/pages\/3","targetHints":{"allow":["GET"]}}],"collection":[{"href":"https:\/\/brave-dialog.de\/en\/wp-json\/wp\/v2\/pages"}],"about":[{"href":"https:\/\/brave-dialog.de\/en\/wp-json\/wp\/v2\/types\/page"}],"author":[{"embeddable":true,"href":"https:\/\/brave-dialog.de\/en\/wp-json\/wp\/v2\/users\/1"}],"replies":[{"embeddable":true,"href":"https:\/\/brave-dialog.de\/en\/wp-json\/wp\/v2\/comments?post=3"}],"version-history":[{"count":0,"href":"https:\/\/brave-dialog.de\/en\/wp-json\/wp\/v2\/pages\/3\/revisions"}],"wp:attachment":[{"href":"https:\/\/brave-dialog.de\/en\/wp-json\/wp\/v2\/media?parent=3"}],"curies":[{"name":"wp","href":"https:\/\/api.w.org\/{rel}","templated":true}]}}